{"id":109,"date":"2025-01-11T19:41:04","date_gmt":"2025-01-11T18:41:04","guid":{"rendered":"https:\/\/www.via-commea.com\/?page_id=109"},"modified":"2025-01-11T19:41:05","modified_gmt":"2025-01-11T18:41:05","slug":"contact","status":"publish","type":"page","link":"https:\/\/www.via-commea.com\/?page_id=109","title":{"rendered":"Contact"},"content":{"rendered":"\n<div class=\"wp-block-group is-layout-constrained wp-block-group-is-layout-constrained\">\n<ul class=\"wp-block-list\"><\/ul>\n\n\n\n<div class=\"wp-block-columns is-layout-flex wp-container-core-columns-is-layout-28f84493 wp-block-columns-is-layout-flex\">\n<div class=\"wp-block-column is-layout-flow wp-block-column-is-layout-flow\">\n<p>G\u00e9rald URBIN<\/p>\n\n\n\n<p>Ing\u00e9nieur<\/p>\n\n\n\n<p>T\u00e9l\u00a0: 06 79 32 93 76<\/p>\n\n\n\n<p>g.urbin@via-commea.fr<\/p>\n<\/div>\n\n\n\n<div class=\"wp-block-column is-layout-flow wp-block-column-is-layout-flow\">\n<p>Via Commea<\/p>\n\n\n\n<p>131 Route de Givors<\/p>\n\n\n\n<p>69390 Vernaison<\/p>\n<\/div>\n\n\n\n<div class=\"wp-block-column is-layout-flow wp-block-column-is-layout-flow\">\n<p>www.via-commea.fr<\/p>\n\n\n\n<p>contact@via-commea.fr<\/p>\n\n\n\n<p>siren\u00a0: 452 144 413 RCS LYON<\/p>\n<\/div>\n<\/div>\n<\/div>\n","protected":false},"excerpt":{"rendered":"<p>G\u00e9rald URBIN Ing\u00e9nieur T\u00e9l\u00a0: 06 79 32 93 76 g.urbin@via-commea.fr Via Commea 131 Route de Givors 69390 Vernaison www.via-commea.fr contact@via-commea.fr siren\u00a0: 452 144 413 RCS LYON<\/p>\n","protected":false},"author":1,"featured_media":0,"parent":0,"menu_order":0,"comment_status":"closed","ping_status":"closed","template":"","meta":{"footnotes":""},"class_list":["post-109","page","type-page","status-publish","hentry"],"_links":{"self":[{"href":"https:\/\/www.via-commea.com\/index.php?rest_route=\/wp\/v2\/pages\/109","targetHints":{"allow":["GET"]}}],"collection":[{"href":"https:\/\/www.via-commea.com\/index.php?rest_route=\/wp\/v2\/pages"}],"about":[{"href":"https:\/\/www.via-commea.com\/index.php?rest_route=\/wp\/v2\/types\/page"}],"author":[{"embeddable":true,"href":"https:\/\/www.via-commea.com\/index.php?rest_route=\/wp\/v2\/users\/1"}],"replies":[{"embeddable":true,"href":"https:\/\/www.via-commea.com\/index.php?rest_route=%2Fwp%2Fv2%2Fcomments&post=109"}],"version-history":[{"count":1,"href":"https:\/\/www.via-commea.com\/index.php?rest_route=\/wp\/v2\/pages\/109\/revisions"}],"predecessor-version":[{"id":112,"href":"https:\/\/www.via-commea.com\/index.php?rest_route=\/wp\/v2\/pages\/109\/revisions\/112"}],"wp:attachment":[{"href":"https:\/\/www.via-commea.com\/index.php?rest_route=%2Fwp%2Fv2%2Fmedia&parent=109"}],"curies":[{"name":"wp","href":"https:\/\/api.w.org\/{rel}","templated":true}]}}